{"id":72,"date":"2018-04-12T11:46:53","date_gmt":"2018-04-12T11:46:53","guid":{"rendered":"http:\/\/grupoinvestigacion.edu-desarrollo.umh.es\/?page_id=72"},"modified":"2020-02-17T14:18:40","modified_gmt":"2020-02-17T14:18:40","slug":"recursos-de-investigacion","status":"publish","type":"page","link":"https:\/\/demogob.umh.es\/en\/recursos-de-investigacion\/","title":{"rendered":"Recursos de investigaci\u00f3n"},"content":{"rendered":"<p>[et_pb_section admin_label=&#8221;Secci\u00f3n&#8221; fullwidth=&#8221;off&#8221; specialty=&#8221;off&#8221; transparent_background=&#8221;off&#8221; allow_player_pause=&#8221;off&#8221; inner_shadow=&#8221;off&#8221; parallax=&#8221;off&#8221; parallax_method=&#8221;off&#8221; padding_mobile=&#8221;off&#8221; make_fullwidth=&#8221;off&#8221; use_custom_width=&#8221;off&#8221; width_unit=&#8221;on&#8221; make_equal=&#8221;off&#8221; use_custom_gutter=&#8221;off&#8221; custom_padding=&#8221;50px||50px|&#8221; background_image=&#8221;http:\/\/demogob.umh.es\/files\/2018\/04\/Playa_Manantial-2.jpg&#8221;][et_pb_row admin_label=&#8221;Fila&#8221;][et_pb_column type=&#8221;4_4&#8243;][et_pb_text admin_label=&#8221;Texto&#8221; background_layout=&#8221;dark&#8221; text_orientation=&#8221;center&#8221; use_border_color=&#8221;off&#8221; border_color=&#8221;#ffffff&#8221; border_style=&#8221;solid&#8221; custom_margin=&#8221;||0px|&#8221; custom_padding=&#8221;||5px|&#8221;]<\/p>\n<h2>Recursos de investigaci\u00f3n<\/h2>\n<p>[\/et_pb_text][\/et_pb_column][\/et_pb_row][\/et_pb_section][et_pb_section admin_label=&#8221;Secci\u00f3n&#8221; fullwidth=&#8221;on&#8221; specialty=&#8221;off&#8221;][et_pb_fullwidth_menu admin_label=&#8221;Men\u00fa de anchura completa&#8221; menu_id=&#8221;11&#8243; background_color=&#8221;#ededed&#8221; background_layout=&#8221;light&#8221; text_orientation=&#8221;center&#8221; submenu_direction=&#8221;downwards&#8221; fullwidth_menu=&#8221;off&#8221; dropdown_menu_animation=&#8221;fade&#8221; menu_text_color=&#8221;#000000&#8243; menu_font=&#8221;|on|||&#8221;]<br \/>\n\u00a0<br \/>\n[\/et_pb_fullwidth_menu][\/et_pb_section][et_pb_section admin_label=&#8221;section&#8221;][et_pb_row admin_label=&#8221;Fila&#8221;][et_pb_column type=&#8221;4_4&#8243;][et_pb_text admin_label=&#8221;Texto&#8221; background_layout=&#8221;light&#8221; text_orientation=&#8221;left&#8221; use_border_color=&#8221;off&#8221; border_color=&#8221;#ffffff&#8221; border_style=&#8221;solid&#8221;]<\/p>\n<h3>Portales de contenidos bibliogr\u00e1ficos<\/h3>\n<p>[\/et_pb_text][et_pb_divider admin_label=&#8221;Separador&#8221; color=&#8221;rgba(66,133,191,0.95)&#8221; show_divider=&#8221;on&#8221; divider_style=&#8221;solid&#8221; divider_position=&#8221;top&#8221; hide_on_mobile=&#8221;on&#8221; height=&#8221;2&#8243;]<br \/>\n\u00a0<br \/>\n[\/et_pb_divider][et_pb_text admin_label=&#8221;Texto&#8221; background_layout=&#8221;light&#8221; text_orientation=&#8221;left&#8221; use_border_color=&#8221;off&#8221; border_color=&#8221;#ffffff&#8221; border_style=&#8221;solid&#8221;]<\/p>\n<ul>\n<li><a title=\"Teseo\" href=\"http:\/\/www.educacion.es\/teseo\" target=\"_blank\">TESEO \u2013 Base de datos de tesis doctorales defendidas en universidades espa\u00f1olas<\/a><\/li>\n<\/ul>\n<ul>\n<li><a title=\"Dialnet\" href=\"http:\/\/dialnet.unirioja.es\/\" target=\"_blank\">DIALNET \u2013 Portal de recursos en espa\u00f1ol, multidisciplinar, con especial cobertura en humanidades y ciencias sociales<\/a><\/li>\n<\/ul>\n<ul>\n<li><a title=\"Latindex\" href=\"http:\/\/www.latindex.unam.mx\/\" target=\"_blank\">LATINDEX \u2013 Sistema regional de informaci\u00f3n para revistas cient\u00edficas de Am\u00e9rica Latina y el Caribe, Espa\u00f1a y Portugal<\/a><\/li>\n<\/ul>\n<ul>\n<li><a title=\"Redalyc\" href=\"http:\/\/www.redalyc.org\/\" target=\"_blank\">REDALYC \u2013 Red de Revistas Cient\u00edficas de Am\u00e9rica Latina y el Caribe, Espa\u00f1a y Portugal<\/a><\/li>\n<\/ul>\n<ul>\n<li><a title=\"CSIC\" href=\"http:\/\/revistas.csic.es\/\" target=\"_blank\">CSIC \u2013 Revistas Cient\u00edficas del Centro Superior de Investigaciones Cient\u00edficas<\/a><\/li>\n<\/ul>\n<ul>\n<li><a title=\"Biblioteca UMH\" href=\"http:\/\/biblioteca.umh.es\/biblioteca_digital\/\" target=\"_blank\">UMH \u2013 Biblioteca digital de la Universitas Miguel Hern\u00e1ndez<\/a><\/li>\n<\/ul>\n<p>[\/et_pb_text][\/et_pb_column][\/et_pb_row][et_pb_row admin_label=&#8221;Fila&#8221;][et_pb_column type=&#8221;4_4&#8243;][et_pb_text admin_label=&#8221;Texto&#8221; background_layout=&#8221;light&#8221; text_orientation=&#8221;left&#8221; use_border_color=&#8221;off&#8221; border_color=&#8221;#ffffff&#8221; border_style=&#8221;solid&#8221;]<\/p>\n<h3>Sobre turismo<\/h3>\n<p>[\/et_pb_text][et_pb_divider admin_label=&#8221;Separador&#8221; color=&#8221;rgba(66,133,191,0.95)&#8221; show_divider=&#8221;on&#8221; divider_style=&#8221;solid&#8221; divider_position=&#8221;top&#8221; hide_on_mobile=&#8221;on&#8221; height=&#8221;2&#8243;]<br \/>\n\u00a0<br \/>\n[\/et_pb_divider][et_pb_text admin_label=&#8221;Texto&#8221; background_layout=&#8221;light&#8221; text_orientation=&#8221;left&#8221; use_border_color=&#8221;off&#8221; border_color=&#8221;#ffffff&#8221; border_style=&#8221;solid&#8221;]<\/p>\n<ul>\n<li><a title=\"CIRET\" href=\"http:\/\/www.ciret-tourism.com\/\" target=\"_blank\">CIRET \u2013 Centre International de Recherches et d\u2019Etudes Touristiques<\/a><\/li>\n<\/ul>\n<ul>\n<li><a title=\"CIET\" href=\"http:\/\/www.cieturisticos.com.ar\/\" target=\"_blank\">CIET \u2013 Centro de Investigaciones y Estudios Tur\u00edsticos<\/a><\/li>\n<\/ul>\n<ul>\n<li><a title=\"IET\" href=\"http:\/\/www.iet.tourspain.es\/\" target=\"_blank\">IET \u2013 Instituto de Estudios Tur\u00edsticos \u2013 Gobierno de Espa\u00f1a<\/a><\/li>\n<\/ul>\n<ul>\n<li><a title=\"PASOS\" href=\"http:\/\/www.pasosonline.org\/\" target=\"_blank\">PASOS \u2013 Revista de Turismo y Patrimonio Cultural<\/a><\/li>\n<\/ul>\n<p>[\/et_pb_text][\/et_pb_column][\/et_pb_row][\/et_pb_section]<\/p>","protected":false},"excerpt":{"rendered":"<p>Recursos de investigaci\u00f3n \u00a0 Portales de contenidos bibliogr\u00e1ficos \u00a0 TESEO \u2013 Base de datos de tesis doctorales defendidas en universidades espa\u00f1olas DIALNET \u2013 Portal de recursos en espa\u00f1ol, multidisciplinar, con especial cobertura en humanidades y ciencias sociales LATINDEX \u2013 Sistema regional de informaci\u00f3n para revistas cient\u00edficas de Am\u00e9rica Latina y el Caribe, Espa\u00f1a y Portugal [&hellip;]<\/p>\n","protected":false},"author":16286,"featured_media":0,"parent":0,"menu_order":0,"comment_status":"closed","ping_status":"closed","template":"","meta":{"_et_pb_use_builder":"on","_et_pb_old_content":"","_et_gb_content_width":"","_links_to":"","_links_to_target":""},"_links":{"self":[{"href":"https:\/\/demogob.umh.es\/en\/wp-json\/wp\/v2\/pages\/72"}],"collection":[{"href":"https:\/\/demogob.umh.es\/en\/wp-json\/wp\/v2\/pages"}],"about":[{"href":"https:\/\/demogob.umh.es\/en\/wp-json\/wp\/v2\/types\/page"}],"author":[{"embeddable":true,"href":"https:\/\/demogob.umh.es\/en\/wp-json\/wp\/v2\/users\/16286"}],"replies":[{"embeddable":true,"href":"https:\/\/demogob.umh.es\/en\/wp-json\/wp\/v2\/comments?post=72"}],"version-history":[{"count":0,"href":"https:\/\/demogob.umh.es\/en\/wp-json\/wp\/v2\/pages\/72\/revisions"}],"wp:attachment":[{"href":"https:\/\/demogob.umh.es\/en\/wp-json\/wp\/v2\/media?parent=72"}],"curies":[{"name":"wp","href":"https:\/\/api.w.org\/{rel}","templated":true}]}}